{"id":9,"date":"2023-08-01T18:40:43","date_gmt":"2023-08-01T18:40:43","guid":{"rendered":"http:\/\/www.dabrowskazarzadzanie.pl\/?page_id=9"},"modified":"2023-08-10T07:46:23","modified_gmt":"2023-08-10T07:46:23","slug":"kontakt","status":"publish","type":"page","link":"https:\/\/www.dabrowskazarzadzanie.pl\/?page_id=9","title":{"rendered":"KONTAKT"},"content":{"rendered":"\n<p><\/p>\n\n\n\n<div class=\"wp-block-cover alignfull\"><span aria-hidden=\"true\" class=\"wp-block-cover__background has-background-dim\"><\/span><img decoding=\"async\" class=\"wp-block-cover__image-background wp-image-146\" alt=\"\" src=\"http:\/\/www.dabrowskazarzadzanie.pl\/wp-content\/uploads\/2023\/08\/pexels-sevenstorm-juhaszimrus-1146053-1024x768.jpg\" data-object-fit=\"cover\"\/><div class=\"wp-block-cover__inner-container is-layout-flow wp-block-cover-is-layout-flow\">\n<p class=\"has-text-align-center has-large-font-size\"><mark style=\"background-color:rgba(0, 0, 0, 0)\" class=\"has-inline-color has-cyan-bluish-gray-color\">KONTAKT<\/mark><\/p>\n\n\n\n<p><\/p>\n<\/div><\/div>\n\n\n\n<h2 class=\"wp-block-heading\"> <p class=\"has-text-align-center has-large-font-size\">Zarz\u0105dzanie Nieruchomo\u015bciami <\/p>   <p class=\"has-text-align-center has-large-font-size\">Gra\u017cyna D\u0105browska<\/p><\/h2>\n\n\n\n<h2 class=\"wp-block-heading has-text-align-center\">ul. D\u0142uga 43, II pi\u0119tro, 49-300 Brzeg  <\/h2>\n\n\n\n<figure class=\"wp-block-table is-style-stripes\"><table><tbody><tr><td><strong>Dzia\u0142 Techniczny pok.13<\/strong><\/td><td><strong>Zg\u0142oszenie awarii:<\/strong><\/td><\/tr><tr><td>tel. 77\u00a0416 51 94<\/td><td>w godz.pracy biura tel. 77&nbsp;416 51 94<\/td><\/tr><tr><td><a href=\"mailto:zarzadzaniedabrowska@wp.pl\">zarzadzaniedabrowska@wp.pl<\/a><\/td><td>&nbsp;<\/td><\/tr><tr><td>&nbsp;<\/td><td>po godz.pracy biura tel.788 719&nbsp;197<\/td><\/tr><tr><td><strong>Ksi\u0119gowo\u015b\u0107 pok.11<\/strong><\/td><td>(pogotowie mieszkaniowe)<\/td><\/tr><tr><td>tel. 77&nbsp;416 30 18<\/td><td>&nbsp;<\/td><\/tr><tr><td>ksiegowoscdabrowska@wp.pl<\/td><td>&nbsp;<\/td><\/tr><\/tbody><\/table><figcaption class=\"wp-element-caption\">w celu przedstawienia oferty wsp\u00f3\u0142pracy prosimy o kontakt : <a href=\"mailto:zarzadzaniedabrowska@wp.pl\">zarzadzaniedabrowska@wp.pl<\/a><\/figcaption><\/figure>\n\n\n\n<p class=\"has-text-align-right\"><a href=\"http:\/\/www.dabrowskazarzadzanie.pl\/?page_id=303\"><sup><mark style=\"background-color:rgba(0, 0, 0, 0)\" class=\"has-inline-color has-cyan-bluish-gray-color\">Polityka prywatno\u015bci<\/mark><\/sup><\/a><\/p>\n","protected":false},"excerpt":{"rendered":"<p>Zarz\u0105dzanie Nieruchomo\u015bciami Gra\u017cyna D\u0105browska ul. D\u0142uga 43, II pi\u0119tro, 49-300 Brzeg Dzia\u0142 Techniczny pok.13 Zg\u0142oszenie awarii: tel. 77\u00a0416 51 94 w godz.pracy biura tel. 77&nbsp;416 51 94 zarzadzaniedabrowska@wp.pl &nbsp; &nbsp; po godz.pracy biura tel.788 719&nbsp;197 Ksi\u0119gowo\u015b\u0107 pok.11 (pogotowie mieszkaniowe) tel. 77&nbsp;416 30 18 &nbsp; ksiegowoscdabrowska@wp.pl &nbsp; w celu przedstawienia oferty wsp\u00f3\u0142pracy prosimy o kontakt : [&hellip;]<\/p>\n","protected":false},"author":1,"featured_media":0,"parent":0,"menu_order":0,"comment_status":"closed","ping_status":"closed","template":"","meta":{"footnotes":""},"class_list":["post-9","page","type-page","status-publish","hentry"],"_links":{"self":[{"href":"https:\/\/www.dabrowskazarzadzanie.pl\/index.php?rest_route=\/wp\/v2\/pages\/9","targetHints":{"allow":["GET"]}}],"collection":[{"href":"https:\/\/www.dabrowskazarzadzanie.pl\/index.php?rest_route=\/wp\/v2\/pages"}],"about":[{"href":"https:\/\/www.dabrowskazarzadzanie.pl\/index.php?rest_route=\/wp\/v2\/types\/page"}],"author":[{"embeddable":true,"href":"https:\/\/www.dabrowskazarzadzanie.pl\/index.php?rest_route=\/wp\/v2\/users\/1"}],"replies":[{"embeddable":true,"href":"https:\/\/www.dabrowskazarzadzanie.pl\/index.php?rest_route=%2Fwp%2Fv2%2Fcomments&post=9"}],"version-history":[{"count":14,"href":"https:\/\/www.dabrowskazarzadzanie.pl\/index.php?rest_route=\/wp\/v2\/pages\/9\/revisions"}],"predecessor-version":[{"id":380,"href":"https:\/\/www.dabrowskazarzadzanie.pl\/index.php?rest_route=\/wp\/v2\/pages\/9\/revisions\/380"}],"wp:attachment":[{"href":"https:\/\/www.dabrowskazarzadzanie.pl\/index.php?rest_route=%2Fwp%2Fv2%2Fmedia&parent=9"}],"curies":[{"name":"wp","href":"https:\/\/api.w.org\/{rel}","templated":true}]}}