{"id":8,"date":"2023-08-01T18:40:43","date_gmt":"2023-08-01T18:40:43","guid":{"rendered":"http:\/\/www.dabrowskazarzadzanie.pl\/?page_id=8"},"modified":"2023-08-09T06:46:18","modified_gmt":"2023-08-09T06:46:18","slug":"o-firmie","status":"publish","type":"page","link":"https:\/\/www.dabrowskazarzadzanie.pl\/?page_id=8","title":{"rendered":"O FIRMIE"},"content":{"rendered":"\n<div class=\"wp-block-cover alignfull is-light\" style=\"min-height:367px;aspect-ratio:unset;\"><span aria-hidden=\"true\" class=\"wp-block-cover__background has-background-dim\"><\/span><img fetchpriority=\"high\" decoding=\"async\" width=\"1024\" height=\"768\" class=\"wp-block-cover__image-background wp-image-144\" alt=\"\" src=\"http:\/\/www.dabrowskazarzadzanie.pl\/wp-content\/uploads\/2023\/08\/pexels-sevenstorm-juhaszimrus-583516-1024x768.jpg\" data-object-fit=\"cover\" srcset=\"https:\/\/www.dabrowskazarzadzanie.pl\/wp-content\/uploads\/2023\/08\/pexels-sevenstorm-juhaszimrus-583516-1024x768.jpg 1024w, https:\/\/www.dabrowskazarzadzanie.pl\/wp-content\/uploads\/2023\/08\/pexels-sevenstorm-juhaszimrus-583516-300x225.jpg 300w, https:\/\/www.dabrowskazarzadzanie.pl\/wp-content\/uploads\/2023\/08\/pexels-sevenstorm-juhaszimrus-583516-768x576.jpg 768w, https:\/\/www.dabrowskazarzadzanie.pl\/wp-content\/uploads\/2023\/08\/pexels-sevenstorm-juhaszimrus-583516-1536x1152.jpg 1536w, https:\/\/www.dabrowskazarzadzanie.pl\/wp-content\/uploads\/2023\/08\/pexels-sevenstorm-juhaszimrus-583516-2048x1536.jpg 2048w, https:\/\/www.dabrowskazarzadzanie.pl\/wp-content\/uploads\/2023\/08\/pexels-sevenstorm-juhaszimrus-583516-24x18.jpg 24w, https:\/\/www.dabrowskazarzadzanie.pl\/wp-content\/uploads\/2023\/08\/pexels-sevenstorm-juhaszimrus-583516-36x27.jpg 36w, https:\/\/www.dabrowskazarzadzanie.pl\/wp-content\/uploads\/2023\/08\/pexels-sevenstorm-juhaszimrus-583516-48x36.jpg 48w\" sizes=\"(max-width: 1024px) 100vw, 1024px\" \/><div class=\"wp-block-cover__inner-container is-layout-flow wp-block-cover-is-layout-flow\">\n<h2 class=\"wp-block-heading has-text-align-center has-large-font-size\"><mark style=\"background-color:rgba(0, 0, 0, 0)\" class=\"has-inline-color has-cyan-bluish-gray-color\">O FIRMIE<\/mark><\/h2>\n<\/div><\/div>\n\n\n\n<p>Nasza firma zajmuj\u0119 zarz\u0105dzaniem i obs\u0142ug\u0105 administracyjn\u0105 nieruchomo\u015bci na terenie Brzegu i okolic. Na lokalnym rynku jeste\u015bmy od 2010 roku. <\/p>\n\n\n\n<p>Nasza firma zarz\u0105dzaj\u0105ca nieruchomo\u015bciami wyr\u00f3\u017cnia si\u0119 profesjonalizmem, rzetelno\u015bci\u0105 i trosk\u0105 o zadowolenie naszych klient\u00f3w. Jako do\u015bwiadczony partner, z przyjemno\u015bci\u0105 podejmujemy si\u0119 zadania zarz\u0105dzania r\u00f3\u017cnego rodzaju nieruchomo\u015bciami, od mieszka\u0144 po kompleksy biurowe.<\/p>\n\n\n\n<p>Nasz\u0105 najwa\u017cniejsz\u0105 warto\u015bci\u0105 jest indywidualne podej\u015bcie do ka\u017cdego klienta. Mamy \u015bwiadomo\u015b\u0107, \u017ce ka\u017cda nieruchomo\u015b\u0107 jest inna i wymaga spersonalizowanego podej\u015bcia. Dlatego starannie analizujemy potrzeby naszych klient\u00f3w i dostosowujemy nasze us\u0142ugi do ich oczekiwa\u0144, co pozwala nam zagwarantowa\u0107 najwy\u017csz\u0105 jako\u015b\u0107 obs\u0142ugi.<\/p>\n\n\n\n<p>Nasz zesp\u00f3\u0142 opr\u00f3cz wykwalifikowanych zarz\u0105dc\u00f3w i ksi\u0119gowych tworz\u0105 prawnicy i specjali\u015bci z zakresu budownictwa i instalacji. Wsp\u00f3\u0142pracujemy r\u00f3wnie\u017c ze sprawdzonymi wykonawcami us\u0142ug na terenie naszego miasta.<\/p>\n\n\n\n<p><\/p>\n\n\n\n<p>Zapraszamy do wsp\u00f3\u0142pracy ! <\/p>\n\n\n\n<p class=\"has-text-align-right\"><a href=\"http:\/\/www.dabrowskazarzadzanie.pl\/?page_id=303\"><sup><mark style=\"background-color:rgba(0, 0, 0, 0)\" class=\"has-inline-color has-cyan-bluish-gray-color\">Polityka prywatno\u015bci<\/mark><\/sup><\/a><\/p>\n","protected":false},"excerpt":{"rendered":"<p>Nasza firma zajmuj\u0119 zarz\u0105dzaniem i obs\u0142ug\u0105 administracyjn\u0105 nieruchomo\u015bci na terenie Brzegu i okolic. Na lokalnym rynku jeste\u015bmy od 2010 roku. Nasza firma zarz\u0105dzaj\u0105ca nieruchomo\u015bciami wyr\u00f3\u017cnia si\u0119 profesjonalizmem, rzetelno\u015bci\u0105 i trosk\u0105 o zadowolenie naszych klient\u00f3w. Jako do\u015bwiadczony partner, z przyjemno\u015bci\u0105 podejmujemy si\u0119 zadania zarz\u0105dzania r\u00f3\u017cnego rodzaju nieruchomo\u015bciami, od mieszka\u0144 po kompleksy biurowe. Nasz\u0105 najwa\u017cniejsz\u0105 warto\u015bci\u0105 jest [&hellip;]<\/p>\n","protected":false},"author":1,"featured_media":0,"parent":0,"menu_order":0,"comment_status":"closed","ping_status":"closed","template":"","meta":{"footnotes":""},"class_list":["post-8","page","type-page","status-publish","hentry"],"_links":{"self":[{"href":"https:\/\/www.dabrowskazarzadzanie.pl\/index.php?rest_route=\/wp\/v2\/pages\/8","targetHints":{"allow":["GET"]}}],"collection":[{"href":"https:\/\/www.dabrowskazarzadzanie.pl\/index.php?rest_route=\/wp\/v2\/pages"}],"about":[{"href":"https:\/\/www.dabrowskazarzadzanie.pl\/index.php?rest_route=\/wp\/v2\/types\/page"}],"author":[{"embeddable":true,"href":"https:\/\/www.dabrowskazarzadzanie.pl\/index.php?rest_route=\/wp\/v2\/users\/1"}],"replies":[{"embeddable":true,"href":"https:\/\/www.dabrowskazarzadzanie.pl\/index.php?rest_route=%2Fwp%2Fv2%2Fcomments&post=8"}],"version-history":[{"count":5,"href":"https:\/\/www.dabrowskazarzadzanie.pl\/index.php?rest_route=\/wp\/v2\/pages\/8\/revisions"}],"predecessor-version":[{"id":338,"href":"https:\/\/www.dabrowskazarzadzanie.pl\/index.php?rest_route=\/wp\/v2\/pages\/8\/revisions\/338"}],"wp:attachment":[{"href":"https:\/\/www.dabrowskazarzadzanie.pl\/index.php?rest_route=%2Fwp%2Fv2%2Fmedia&parent=8"}],"curies":[{"name":"wp","href":"https:\/\/api.w.org\/{rel}","templated":true}]}}