{"id":54,"date":"2023-08-01T20:57:32","date_gmt":"2023-08-01T20:57:32","guid":{"rendered":"http:\/\/www.dabrowskazarzadzanie.pl\/?page_id=54"},"modified":"2023-08-09T08:38:50","modified_gmt":"2023-08-09T08:38:50","slug":"zarzadzanie-wspolnotami-mieszkaniowymi","status":"publish","type":"page","link":"https:\/\/www.dabrowskazarzadzanie.pl\/?page_id=54","title":{"rendered":"ZARZ\u0104DZANIE WSP\u00d3LNOTAMI MIESZKANIOWYMI"},"content":{"rendered":"\n<div class=\"wp-block-cover alignwide\"><span aria-hidden=\"true\" class=\"wp-block-cover__background has-background-dim\"><\/span><img fetchpriority=\"high\" decoding=\"async\" width=\"1024\" height=\"683\" class=\"wp-block-cover__image-background wp-image-163\" alt=\"\" src=\"http:\/\/www.dabrowskazarzadzanie.pl\/wp-content\/uploads\/2023\/08\/pexels-pixabay-459627-1024x683.jpg\" data-object-fit=\"cover\" srcset=\"https:\/\/www.dabrowskazarzadzanie.pl\/wp-content\/uploads\/2023\/08\/pexels-pixabay-459627-1024x683.jpg 1024w, https:\/\/www.dabrowskazarzadzanie.pl\/wp-content\/uploads\/2023\/08\/pexels-pixabay-459627-300x200.jpg 300w, https:\/\/www.dabrowskazarzadzanie.pl\/wp-content\/uploads\/2023\/08\/pexels-pixabay-459627-768x512.jpg 768w, https:\/\/www.dabrowskazarzadzanie.pl\/wp-content\/uploads\/2023\/08\/pexels-pixabay-459627-1536x1024.jpg 1536w, https:\/\/www.dabrowskazarzadzanie.pl\/wp-content\/uploads\/2023\/08\/pexels-pixabay-459627-2048x1365.jpg 2048w, https:\/\/www.dabrowskazarzadzanie.pl\/wp-content\/uploads\/2023\/08\/pexels-pixabay-459627-24x16.jpg 24w, https:\/\/www.dabrowskazarzadzanie.pl\/wp-content\/uploads\/2023\/08\/pexels-pixabay-459627-36x24.jpg 36w, https:\/\/www.dabrowskazarzadzanie.pl\/wp-content\/uploads\/2023\/08\/pexels-pixabay-459627-48x32.jpg 48w\" sizes=\"(max-width: 1024px) 100vw, 1024px\" \/><div class=\"wp-block-cover__inner-container is-layout-flow wp-block-cover-is-layout-flow\">\n<p class=\"has-text-align-center has-large-font-size\">ZARZ\u0104DZANIE WSP\u00d3LNOTAMI MIESZKANIOWYMI<\/p>\n<\/div><\/div>\n\n\n\n<p><\/p>\n\n\n\n<p>Aby zapewni\u0107 Wsp\u00f3lnocie Mieszkaniowej bezproblemowe funkcjonowanie nale\u017cy podejmowa\u0107 szereg czynno\u015bci. S\u0105 one \u017cmudne i uci\u0105\u017cliwe a lista tych spraw jest d\u0142uga. Do najwa\u017cniejszych&nbsp; z nich nale\u017c\u0105: &nbsp;<\/p>\n\n\n\n<ul class=\"wp-block-list\">\n<li>weryfikacja stanu prawnego nieruchomo\u015bci.<\/li>\n\n\n\n<li>prowadzenie i aktualizacja wykazu lokali i ich w\u0142a\u015bcicieli.<\/li>\n\n\n\n<li>prowadzenie ksi\u0119gi obiektu budowlanego&nbsp; dokonywanie wpis\u00f3w przegl\u0105d\u00f3w technicznych, remont\u00f3w.<\/li>\n\n\n\n<li>zlecanie okresowych kontroli stanu technicznego budynku zgodnie z przepisami prawa budowlanego.<\/li>\n\n\n\n<li>planowanie, nadzorowanie i zlecanie prowadzenia remont\u00f3w (po podj\u0119ciu Uchwa\u0142y przez Wsp\u00f3lnot\u0119) i innych prac budowlanych.<\/li>\n\n\n\n<li>zapewnienie utrzymania czysto\u015bci w nieruchomo\u015bci wsp\u00f3lnej<\/li>\n\n\n\n<li>sporz\u0105dzanie nalicze\u0144 op\u0142at eksploatacyjnych i remontowych w stosunku miesi\u0119cznym dla wszystkich lokali.<\/li>\n\n\n\n<li>sporz\u0105dzenie ksi\u0105\u017ceczek op\u0142at dla w\u0142a\u015bcicieli mieszka\u0144.<\/li>\n\n\n\n<li>zapewnienie niezb\u0119dnych kontroli instalacji w nieruchomo\u015bciach (instalacja gazowa, elektryczna, przeciwpo\u017carowa itp.);<\/li>\n\n\n\n<li>prowadzenie ksi\u0119gowo\u015bci wsp\u00f3lnoty;<\/li>\n\n\n\n<li>zarz\u0105dzanie finansami wsp\u00f3lnoty;<\/li>\n\n\n\n<li>zarz\u0105dzanie rachunkami bankowymi wsp\u00f3lnoty;<\/li>\n\n\n\n<li>sporz\u0105dzanie sprawozda\u0144 okre\u015blonych przepisami Min. Finans\u00f3w;<\/li>\n\n\n\n<li>prowadzenie windykacji zaleg\u0142o\u015bci op\u0142at od w\u0142a\u015bcicieli lokali;<\/li>\n\n\n\n<li>zapewnienie obs\u0142ugi nag\u0142ych awarii technicznych w budynkach wsp\u00f3lnoty;<\/li>\n\n\n\n<li>zapewnienie utrzymywanie czysto\u015bci oraz porz\u0105dku na terenie i w nieruchomo\u015bciach wsp\u00f3lnoty;<\/li>\n\n\n\n<li>zawarcie um\u00f3w z dostawcami medi\u00f3w do nieruchomo\u015bci wsp\u00f3lnej (wody, energii elektrycznej, cieplnej odbi\u00f3r nieczysto\u015bci) oraz um\u00f3w na wykonanie us\u0142ug (konserwacji, przegl\u0105d\u00f3w specjalistycznych, konserwatorskich, remontowych).<\/li>\n\n\n\n<li>ubezpieczenie nieruchomo\u015bci w zakresie podstawowym i&nbsp; od odpowiedzialno\u015bci cywilnej.<\/li>\n\n\n\n<li>tworzenie regulamin\u00f3w, uchwa\u0142, statut\u00f3w i innych akt\u00f3w, kt\u00f3re musi wydawa\u0107 wsp\u00f3lnota.<\/li>\n\n\n\n<li>sprawowanie nadzoru technicznego nad nieruchomo\u015bciami wsp\u00f3lnoty.<\/li>\n<\/ul>\n\n\n\n<p>Jako firma z wieloletnim do\u015bwiadczeniem na tym polu mo\u017cemy Pa\u0144stwa w tym wyr\u0119czy\u0107.<\/p>\n\n\n\n<p>Ka\u017cda nieruchomo\u015b\u0107 jest inna zar\u00f3wno pod wzgl\u0119dem stanu prawnego jak i technicznego. W\u0142a\u015bciciele maja r\u00f3wnie\u017c r\u00f3\u017cne oczekiwania i &nbsp;potrzeby, dlatego te\u017c ka\u017cda oferta jest konstruowana indywidualnie z uwzgl\u0119dnieniem wszystkich tych zmiennych. Zapraszamy do kontaktu.&nbsp;<\/p>\n\n\n\n<p class=\"has-text-align-right\"><a href=\"http:\/\/www.dabrowskazarzadzanie.pl\/?page_id=303\"><sup><mark style=\"background-color:rgba(0, 0, 0, 0)\" class=\"has-inline-color has-cyan-bluish-gray-color\">Polityka prywatno\u015bci<\/mark><\/sup><\/a><\/p>\n","protected":false},"excerpt":{"rendered":"<p>Aby zapewni\u0107 Wsp\u00f3lnocie Mieszkaniowej bezproblemowe funkcjonowanie nale\u017cy podejmowa\u0107 szereg czynno\u015bci. S\u0105 one \u017cmudne i uci\u0105\u017cliwe a lista tych spraw jest d\u0142uga. Do najwa\u017cniejszych&nbsp; z nich nale\u017c\u0105: &nbsp; Jako firma z wieloletnim do\u015bwiadczeniem na tym polu mo\u017cemy Pa\u0144stwa w tym wyr\u0119czy\u0107. Ka\u017cda nieruchomo\u015b\u0107 jest inna zar\u00f3wno pod wzgl\u0119dem stanu prawnego jak i technicznego. W\u0142a\u015bciciele maja r\u00f3wnie\u017c [&hellip;]<\/p>\n","protected":false},"author":1,"featured_media":0,"parent":51,"menu_order":2,"comment_status":"closed","ping_status":"closed","template":"","meta":{"footnotes":""},"class_list":["post-54","page","type-page","status-publish","hentry"],"_links":{"self":[{"href":"https:\/\/www.dabrowskazarzadzanie.pl\/index.php?rest_route=\/wp\/v2\/pages\/54","targetHints":{"allow":["GET"]}}],"collection":[{"href":"https:\/\/www.dabrowskazarzadzanie.pl\/index.php?rest_route=\/wp\/v2\/pages"}],"about":[{"href":"https:\/\/www.dabrowskazarzadzanie.pl\/index.php?rest_route=\/wp\/v2\/types\/page"}],"author":[{"embeddable":true,"href":"https:\/\/www.dabrowskazarzadzanie.pl\/index.php?rest_route=\/wp\/v2\/users\/1"}],"replies":[{"embeddable":true,"href":"https:\/\/www.dabrowskazarzadzanie.pl\/index.php?rest_route=%2Fwp%2Fv2%2Fcomments&post=54"}],"version-history":[{"count":8,"href":"https:\/\/www.dabrowskazarzadzanie.pl\/index.php?rest_route=\/wp\/v2\/pages\/54\/revisions"}],"predecessor-version":[{"id":341,"href":"https:\/\/www.dabrowskazarzadzanie.pl\/index.php?rest_route=\/wp\/v2\/pages\/54\/revisions\/341"}],"up":[{"embeddable":true,"href":"https:\/\/www.dabrowskazarzadzanie.pl\/index.php?rest_route=\/wp\/v2\/pages\/51"}],"wp:attachment":[{"href":"https:\/\/www.dabrowskazarzadzanie.pl\/index.php?rest_route=%2Fwp%2Fv2%2Fmedia&parent=54"}],"curies":[{"name":"wp","href":"https:\/\/api.w.org\/{rel}","templated":true}]}}