{"id":51,"date":"2023-08-01T20:41:04","date_gmt":"2023-08-01T20:41:04","guid":{"rendered":"http:\/\/www.dabrowskazarzadzanie.pl\/?page_id=51"},"modified":"2023-08-09T08:38:02","modified_gmt":"2023-08-09T08:38:02","slug":"oferta-2","status":"publish","type":"page","link":"https:\/\/www.dabrowskazarzadzanie.pl\/?page_id=51","title":{"rendered":"OFERTA"},"content":{"rendered":"\n<div class=\"wp-block-cover alignwide is-light\"><span aria-hidden=\"true\" class=\"wp-block-cover__background has-background-dim\"><\/span><img fetchpriority=\"high\" decoding=\"async\" width=\"1024\" height=\"768\" class=\"wp-block-cover__image-background wp-image-135\" alt=\"\" src=\"http:\/\/www.dabrowskazarzadzanie.pl\/wp-content\/uploads\/2023\/08\/pexels-sevenstorm-juhaszimrus-981916-1024x768.jpg\" data-object-fit=\"cover\" srcset=\"https:\/\/www.dabrowskazarzadzanie.pl\/wp-content\/uploads\/2023\/08\/pexels-sevenstorm-juhaszimrus-981916-1024x768.jpg 1024w, https:\/\/www.dabrowskazarzadzanie.pl\/wp-content\/uploads\/2023\/08\/pexels-sevenstorm-juhaszimrus-981916-300x225.jpg 300w, https:\/\/www.dabrowskazarzadzanie.pl\/wp-content\/uploads\/2023\/08\/pexels-sevenstorm-juhaszimrus-981916-768x576.jpg 768w, https:\/\/www.dabrowskazarzadzanie.pl\/wp-content\/uploads\/2023\/08\/pexels-sevenstorm-juhaszimrus-981916-1536x1152.jpg 1536w, https:\/\/www.dabrowskazarzadzanie.pl\/wp-content\/uploads\/2023\/08\/pexels-sevenstorm-juhaszimrus-981916-2048x1536.jpg 2048w, https:\/\/www.dabrowskazarzadzanie.pl\/wp-content\/uploads\/2023\/08\/pexels-sevenstorm-juhaszimrus-981916-24x18.jpg 24w, https:\/\/www.dabrowskazarzadzanie.pl\/wp-content\/uploads\/2023\/08\/pexels-sevenstorm-juhaszimrus-981916-36x27.jpg 36w, https:\/\/www.dabrowskazarzadzanie.pl\/wp-content\/uploads\/2023\/08\/pexels-sevenstorm-juhaszimrus-981916-48x36.jpg 48w\" sizes=\"(max-width: 1024px) 100vw, 1024px\" \/><div class=\"wp-block-cover__inner-container is-layout-flow wp-block-cover-is-layout-flow\">\n<p class=\"has-text-align-center has-large-font-size\"><mark style=\"background-color:rgba(0, 0, 0, 0)\" class=\"has-inline-color has-cyan-bluish-gray-color\">OFERTA<\/mark><\/p>\n<\/div><\/div>\n\n\n\n<p><\/p>\n\n\n\n<p>Nasza firma sk\u0142ada si\u0119 z zespo\u0142u wyspecjalizowanych i odpowiedzialnych profesjonalist\u00f3w, kt\u00f3rzy posiadaj\u0105 wiedz\u0119 i do\u015bwiadczenie w zarz\u0105dzaniu nieruchomo\u015bciami.<\/p>\n\n\n\n<p>Wsp\u00f3\u0142pracujemy z zaufanymi partnerami i dostawcami, aby zapewni\u0107 naszym klientom us\u0142ugi najwy\u017cszej jako\u015bci. Dba\u0142o\u015b\u0107 o detale i terminowo\u015b\u0107 s\u0105 dla nas priorytetowe, dlatego dbamy o utrzymanie nieruchomo\u015bci w najlepszym stanie technicznym oraz dok\u0142adamy wszelkich stara\u0144, aby wszelkie naprawy i konserwacje by\u0142y przeprowadzane szybko i skutecznie.<\/p>\n\n\n\n<p>Dzi\u0119ki naszemu profesjonalizmowi i zaanga\u017cowaniu, nasi klienci mog\u0105 cieszy\u0107 si\u0119 spokojem i pewno\u015bci\u0105, \u017ce ich nieruchomo\u015bci s\u0105 w dobrych r\u0119kach. Zapewniamy kompleksow\u0105 obs\u0142ug\u0119, kt\u00f3ra obejmuje zar\u00f3wno sprawy administracyjne, jak i finansowe. Naszym celem jest maksymalizowanie zysk\u00f3w naszych klient\u00f3w poprzez efektywne zarz\u0105dzanie ich nieruchomo\u015bciami.<\/p>\n\n\n\n<p>Nasze us\u0142ugi: <\/p>\n\n\n\n<p><a href=\"http:\/\/www.dabrowskazarzadzanie.pl\/?page_id=54\">Zarz\u0105dzanie Wsp\u00f3lnotami Mieszkaniowymi<\/a><\/p>\n\n\n\n<p><a href=\"http:\/\/www.dabrowskazarzadzanie.pl\/?page_id=124\">Zarz\u0105dzanie Nieruchomo\u015bciami Komercyjnymi<\/a> <\/p>\n\n\n\n<p><a href=\"http:\/\/www.dabrowskazarzadzanie.pl\/?page_id=172\">Zarz\u0105dzanie Wynajmem<\/a><\/p>\n\n\n\n<p><a href=\"http:\/\/www.dabrowskazarzadzanie.pl\/?page_id=290\">Audyt prawny i techniczny nieruchomo\u015bci<\/a><\/p>\n\n\n\n<p><a href=\"http:\/\/www.dabrowskazarzadzanie.pl\/?page_id=290\">Prowadzenie inwestycji <\/a><\/p>\n\n\n\n<p><\/p>\n\n\n\n<p>Zapraszamy do wsp\u00f3\u0142pracy !<\/p>\n\n\n\n<p>  <\/p>\n\n\n\n<p class=\"has-text-align-right\"><a href=\"http:\/\/www.dabrowskazarzadzanie.pl\/?page_id=303\"><sup><mark style=\"background-color:rgba(0, 0, 0, 0)\" class=\"has-inline-color has-cyan-bluish-gray-color\">Polityka prywatno\u015bci<\/mark><\/sup><\/a><\/p>\n","protected":false},"excerpt":{"rendered":"<p>Nasza firma sk\u0142ada si\u0119 z zespo\u0142u wyspecjalizowanych i odpowiedzialnych profesjonalist\u00f3w, kt\u00f3rzy posiadaj\u0105 wiedz\u0119 i do\u015bwiadczenie w zarz\u0105dzaniu nieruchomo\u015bciami. Wsp\u00f3\u0142pracujemy z zaufanymi partnerami i dostawcami, aby zapewni\u0107 naszym klientom us\u0142ugi najwy\u017cszej jako\u015bci. Dba\u0142o\u015b\u0107 o detale i terminowo\u015b\u0107 s\u0105 dla nas priorytetowe, dlatego dbamy o utrzymanie nieruchomo\u015bci w najlepszym stanie technicznym oraz dok\u0142adamy wszelkich stara\u0144, aby wszelkie [&hellip;]<\/p>\n","protected":false},"author":1,"featured_media":0,"parent":0,"menu_order":0,"comment_status":"closed","ping_status":"closed","template":"","meta":{"footnotes":""},"class_list":["post-51","page","type-page","status-publish","hentry"],"_links":{"self":[{"href":"https:\/\/www.dabrowskazarzadzanie.pl\/index.php?rest_route=\/wp\/v2\/pages\/51","targetHints":{"allow":["GET"]}}],"collection":[{"href":"https:\/\/www.dabrowskazarzadzanie.pl\/index.php?rest_route=\/wp\/v2\/pages"}],"about":[{"href":"https:\/\/www.dabrowskazarzadzanie.pl\/index.php?rest_route=\/wp\/v2\/types\/page"}],"author":[{"embeddable":true,"href":"https:\/\/www.dabrowskazarzadzanie.pl\/index.php?rest_route=\/wp\/v2\/users\/1"}],"replies":[{"embeddable":true,"href":"https:\/\/www.dabrowskazarzadzanie.pl\/index.php?rest_route=%2Fwp%2Fv2%2Fcomments&post=51"}],"version-history":[{"count":12,"href":"https:\/\/www.dabrowskazarzadzanie.pl\/index.php?rest_route=\/wp\/v2\/pages\/51\/revisions"}],"predecessor-version":[{"id":340,"href":"https:\/\/www.dabrowskazarzadzanie.pl\/index.php?rest_route=\/wp\/v2\/pages\/51\/revisions\/340"}],"wp:attachment":[{"href":"https:\/\/www.dabrowskazarzadzanie.pl\/index.php?rest_route=%2Fwp%2Fv2%2Fmedia&parent=51"}],"curies":[{"name":"wp","href":"https:\/\/api.w.org\/{rel}","templated":true}]}}