{"id":292,"date":"2023-08-08T18:05:48","date_gmt":"2023-08-08T18:05:48","guid":{"rendered":"http:\/\/www.dabrowskazarzadzanie.pl\/?page_id=292"},"modified":"2023-08-09T10:05:28","modified_gmt":"2023-08-09T10:05:28","slug":"prowadzenie-inwestycji","status":"publish","type":"page","link":"https:\/\/www.dabrowskazarzadzanie.pl\/?page_id=292","title":{"rendered":"PROWADZENIE INWESTYCJI"},"content":{"rendered":"\n<div class=\"wp-block-cover is-light\"><span aria-hidden=\"true\" class=\"wp-block-cover__background has-background-dim\"><\/span><img decoding=\"async\" class=\"wp-block-cover__image-background wp-image-361\" alt=\"\" src=\"http:\/\/www.dabrowskazarzadzanie.pl\/wp-content\/uploads\/2023\/08\/pexels-andrea-piacquadio-3760613-1024x683.jpg\" data-object-fit=\"cover\"\/><div class=\"wp-block-cover__inner-container is-layout-flow wp-block-cover-is-layout-flow\">\n<p class=\"has-text-align-center has-large-font-size\"><mark style=\"background-color:rgba(0, 0, 0, 0)\" class=\"has-inline-color has-cyan-bluish-gray-color\">PROWADZENIE INWESTYCJI<\/mark><\/p>\n<\/div><\/div>\n\n\n\n<p>Masz inwestycje, kt\u00f3re wymagaj\u0105 ci\u0105g\u0142ego nadzoru? Nie masz czasu ani zasob\u00f3w, aby to robi\u0107 samodzielnie? Mamy dla ciebie idealne rozwi\u0105zanie!<\/p>\n\n\n\n<p>Nasza firma specjalizuje si\u0119 w nadzorowaniu inwestycji, zapewniaj\u0105c pe\u0142ny i skuteczny monitoring ka\u017cdego kroku projektu. Dzi\u0119ki naszym us\u0142ugom mo\u017cesz mie\u0107 pewno\u015b\u0107, \u017ce Twoje inwestycje s\u0105 dobrze prowadzone i monitorowane przez do\u015bwiadczony zesp\u00f3\u0142 ekspert\u00f3w.<\/p>\n\n\n\n<p>Nasza firma oferuje kompleksowe rozwi\u0105zania, kt\u00f3re pomog\u0105 Ci zrealizowa\u0107 Twoje cele inwestycyjne. Nasze us\u0142ugi obejmuj\u0105 analiz\u0119 i ocen\u0119 projekt\u00f3w, kontrole finansowe, raportowanie post\u0119p\u00f3w inwestycji, zarz\u0105dzanie ryzykiem i wiele wi\u0119cej.<\/p>\n\n\n\n<p>Dlaczego warto skorzysta\u0107 z naszych us\u0142ug? Po pierwsze, zapewniamy profesjonalne podej\u015bcie i indywidualne podej\u015bcie do ka\u017cdego klienta. Nasz zesp\u00f3\u0142 ekspert\u00f3w we\u017amie pod uwag\u0119 Twoje potrzeby i cele inwestycyjne, aby dostarczy\u0107 Ci najlepsze rozwi\u0105zania. Po drugie, nasze do\u015bwiadczenie we wszechstronnych bran\u017cach inwestycyjnych pozwala nam \u015bwiadczy\u0107 wysokiej jako\u015bci us\u0142ugi, spe\u0142niaj\u0105ce najwy\u017csze standardy.<\/p>\n\n\n\n<p>Zaufaj naszemu zespo\u0142owi, aby zapewni\u0107 profesjonalne i skuteczne nadzorowanie Twoich inwestycji. Dzi\u0119ki naszej pomocy b\u0119dziesz m\u00f3g\u0142 skoncentrowa\u0107 si\u0119 na innych aspektach swojego biznesu, maj\u0105c pewno\u015b\u0107, \u017ce Twoje inwestycje s\u0105 w dobrych r\u0119kach.<\/p>\n\n\n\n<p>Skontaktuj si\u0119 z nami ju\u017c dzi\u015b, aby pozna\u0107 wi\u0119cej informacji na temat naszych us\u0142ug nadzorowania inwestycji. Razem mo\u017cemy osi\u0105gn\u0105\u0107 sukces inwestycyjny!<\/p>\n\n\n\n<p class=\"has-text-align-right\"><a href=\"http:\/\/www.dabrowskazarzadzanie.pl\/?page_id=303\"><sup><mark style=\"background-color:rgba(0, 0, 0, 0)\" class=\"has-inline-color has-cyan-bluish-gray-color\">Polityka prywatno\u015bci<\/mark><\/sup><\/a><\/p>\n","protected":false},"excerpt":{"rendered":"<p>Masz inwestycje, kt\u00f3re wymagaj\u0105 ci\u0105g\u0142ego nadzoru? Nie masz czasu ani zasob\u00f3w, aby to robi\u0107 samodzielnie? Mamy dla ciebie idealne rozwi\u0105zanie! Nasza firma specjalizuje si\u0119 w nadzorowaniu inwestycji, zapewniaj\u0105c pe\u0142ny i skuteczny monitoring ka\u017cdego kroku projektu. Dzi\u0119ki naszym us\u0142ugom mo\u017cesz mie\u0107 pewno\u015b\u0107, \u017ce Twoje inwestycje s\u0105 dobrze prowadzone i monitorowane przez do\u015bwiadczony zesp\u00f3\u0142 ekspert\u00f3w. Nasza firma [&hellip;]<\/p>\n","protected":false},"author":1,"featured_media":0,"parent":0,"menu_order":0,"comment_status":"closed","ping_status":"closed","template":"","meta":{"footnotes":""},"class_list":["post-292","page","type-page","status-publish","hentry"],"_links":{"self":[{"href":"https:\/\/www.dabrowskazarzadzanie.pl\/index.php?rest_route=\/wp\/v2\/pages\/292","targetHints":{"allow":["GET"]}}],"collection":[{"href":"https:\/\/www.dabrowskazarzadzanie.pl\/index.php?rest_route=\/wp\/v2\/pages"}],"about":[{"href":"https:\/\/www.dabrowskazarzadzanie.pl\/index.php?rest_route=\/wp\/v2\/types\/page"}],"author":[{"embeddable":true,"href":"https:\/\/www.dabrowskazarzadzanie.pl\/index.php?rest_route=\/wp\/v2\/users\/1"}],"replies":[{"embeddable":true,"href":"https:\/\/www.dabrowskazarzadzanie.pl\/index.php?rest_route=%2Fwp%2Fv2%2Fcomments&post=292"}],"version-history":[{"count":2,"href":"https:\/\/www.dabrowskazarzadzanie.pl\/index.php?rest_route=\/wp\/v2\/pages\/292\/revisions"}],"predecessor-version":[{"id":362,"href":"https:\/\/www.dabrowskazarzadzanie.pl\/index.php?rest_route=\/wp\/v2\/pages\/292\/revisions\/362"}],"wp:attachment":[{"href":"https:\/\/www.dabrowskazarzadzanie.pl\/index.php?rest_route=%2Fwp%2Fv2%2Fmedia&parent=292"}],"curies":[{"name":"wp","href":"https:\/\/api.w.org\/{rel}","templated":true}]}}