{"id":290,"date":"2023-08-08T18:05:48","date_gmt":"2023-08-08T18:05:48","guid":{"rendered":"http:\/\/www.dabrowskazarzadzanie.pl\/?page_id=290"},"modified":"2023-08-09T09:53:18","modified_gmt":"2023-08-09T09:53:18","slug":"audyt-prawny-i-techniczny-nieruchomosci","status":"publish","type":"page","link":"https:\/\/www.dabrowskazarzadzanie.pl\/?page_id=290","title":{"rendered":"AUDYT PRAWNY I TECHNICZNY NIERUCHOMO\u015aCI"},"content":{"rendered":"\n<div class=\"wp-block-cover alignfull is-light\"><span aria-hidden=\"true\" class=\"wp-block-cover__background has-background-dim\"><\/span><img decoding=\"async\" class=\"wp-block-cover__image-background wp-image-354\" alt=\"\" src=\"http:\/\/www.dabrowskazarzadzanie.pl\/wp-content\/uploads\/2023\/08\/pexels-aysegul-alp-13035994-1024x683.jpg\" data-object-fit=\"cover\"\/><div class=\"wp-block-cover__inner-container is-layout-flow wp-block-cover-is-layout-flow\">\n<p class=\"has-text-align-center has-large-font-size\"><mark style=\"background-color:rgba(0, 0, 0, 0)\" class=\"has-inline-color has-cyan-bluish-gray-color\">AUDYT PRAWNY I TECHNICZNY NIERUCHOMO\u015aCI<\/mark><\/p>\n<\/div><\/div>\n\n\n\n<p>Odkryj pe\u0142en potencja\u0142 Twojej nieruchomo\u015bci dzi\u0119ki audytowi technicznemu i prawnemu!<\/p>\n\n\n\n<p>Je\u015bli jeste\u015b w\u0142a\u015bcicielem nieruchomo\u015bci i chcesz zapewni\u0107 jej d\u0142ugotrwa\u0142\u0105 warto\u015b\u0107, audyt techniczny i prawny jest absolutnie niezb\u0119dny. Nasza firma specjalizuje si\u0119 w kompleksowych us\u0142ugach audytowych, zapewniaj\u0105c Ci pe\u0142en obraz stanu Twojej nieruchomo\u015bci oraz identyfikuj\u0105c ewentualne problemy i ryzyka.<\/p>\n\n\n\n<p>Niezale\u017cnie od tego, czy jeste\u015b w\u0142a\u015bcicielem mieszkania, domu, budynku komercyjnego czy terenu, nasz zesp\u00f3\u0142 do\u015bwiadczonych i wykwalifikowanych specjalist\u00f3w gwarantuje najwy\u017csz\u0105 jako\u015b\u0107 us\u0142ug. Przeprowadzamy szczeg\u00f3\u0142owe badania techniczne, by oceni\u0107 stan budynku, dok\u0142adnie identyfikuj\u0105c wszelkie usterki, wady konstrukcyjne oraz potencjalne zagro\u017cenia. Dzi\u0119ki naszym us\u0142ugom  b\u0119dziesz mie\u0107 pe\u0142n\u0105 kontrol\u0119 nad swoj\u0105 nieruchomo\u015bci\u0105 i b\u0119dziesz w stanie podj\u0105\u0107 odpowiednie dzia\u0142ania naprawcze, aby zachowa\u0107 jej warto\u015b\u0107.<\/p>\n\n\n\n<p>Nie tylko dostrze\u017cemy problemy techniczne, lecz r\u00f3wnie\u017c przeprowadzimy dog\u0142\u0119bny audyt prawny, kt\u00f3ry pomo\u017ce Ci unikn\u0105\u0107 wszelkich trudno\u015bci prawnych. Nasz zesp\u00f3\u0142 ekspert\u00f3w zidentyfikuje wszelkie potencjalne ryzyka zwi\u0105zane z prawem budowlanym, przepisami lokalnymi, umowami najmu i innymi aspektami prawnymi. Dzi\u0119ki temu b\u0119dziesz mie\u0107 pewno\u015b\u0107, \u017ce Twoja nieruchomo\u015b\u0107 jest zgodna ze wszystkimi wymogami prawnymi i unikniesz nieprzyjemnych konsekwencji.<\/p>\n\n\n\n<p>Ponadto, nasza firma oferuje tak\u017ce wsparcie i doradztwo w zakresie planowania przysz\u0142ych dzia\u0142a\u0144 zwi\u0105zanych z nieruchomo\u015bci\u0105. Doradzimy Ci, jakie inwestycje i modernizacje mog\u0105 przynie\u015b\u0107 najwi\u0119ksze korzy\u015bci, zar\u00f3wno techniczne, jak i finansowe.<\/p>\n\n\n\n<p>Wszystkie nasze us\u0142ugi s\u0105 przeprowadzane profesjonalnie i dok\u0142adnie, zapewniaj\u0105c Ci pe\u0142ne zaufanie i spok\u00f3j ducha. Niezale\u017cnie od tego, czy jeste\u015b w\u0142a\u015bcicielem nieruchomo\u015bci prywatnej, czy przedsi\u0119biorstwa, mo\u017cemy dostosowa\u0107 nasze us\u0142ugi do Twoich indywidualnych potrzeb.<\/p>\n\n\n\n<p>Skontaktuj si\u0119 z nami ju\u017c dzi\u015b i zam\u00f3w audyt techniczny i prawny swojej nieruchomo\u015bci! Daj swojej nieruchomo\u015bci szans\u0119 na rozw\u00f3j i zyskaj pewno\u015b\u0107, \u017ce inwestujesz w bezpieczne i warto\u015bciowe miejsce.<\/p>\n\n\n\n<p class=\"has-text-align-right\"><a href=\"http:\/\/www.dabrowskazarzadzanie.pl\/?page_id=303\"><sup><mark style=\"background-color:rgba(0, 0, 0, 0)\" class=\"has-inline-color has-cyan-bluish-gray-color\">Polityka prywatno\u015bci<\/mark><\/sup><\/a><\/p>\n","protected":false},"excerpt":{"rendered":"<p>Odkryj pe\u0142en potencja\u0142 Twojej nieruchomo\u015bci dzi\u0119ki audytowi technicznemu i prawnemu! Je\u015bli jeste\u015b w\u0142a\u015bcicielem nieruchomo\u015bci i chcesz zapewni\u0107 jej d\u0142ugotrwa\u0142\u0105 warto\u015b\u0107, audyt techniczny i prawny jest absolutnie niezb\u0119dny. Nasza firma specjalizuje si\u0119 w kompleksowych us\u0142ugach audytowych, zapewniaj\u0105c Ci pe\u0142en obraz stanu Twojej nieruchomo\u015bci oraz identyfikuj\u0105c ewentualne problemy i ryzyka. Niezale\u017cnie od tego, czy jeste\u015b w\u0142a\u015bcicielem mieszkania, [&hellip;]<\/p>\n","protected":false},"author":1,"featured_media":0,"parent":0,"menu_order":0,"comment_status":"closed","ping_status":"closed","template":"","meta":{"footnotes":""},"class_list":["post-290","page","type-page","status-publish","hentry"],"_links":{"self":[{"href":"https:\/\/www.dabrowskazarzadzanie.pl\/index.php?rest_route=\/wp\/v2\/pages\/290","targetHints":{"allow":["GET"]}}],"collection":[{"href":"https:\/\/www.dabrowskazarzadzanie.pl\/index.php?rest_route=\/wp\/v2\/pages"}],"about":[{"href":"https:\/\/www.dabrowskazarzadzanie.pl\/index.php?rest_route=\/wp\/v2\/types\/page"}],"author":[{"embeddable":true,"href":"https:\/\/www.dabrowskazarzadzanie.pl\/index.php?rest_route=\/wp\/v2\/users\/1"}],"replies":[{"embeddable":true,"href":"https:\/\/www.dabrowskazarzadzanie.pl\/index.php?rest_route=%2Fwp%2Fv2%2Fcomments&post=290"}],"version-history":[{"count":3,"href":"https:\/\/www.dabrowskazarzadzanie.pl\/index.php?rest_route=\/wp\/v2\/pages\/290\/revisions"}],"predecessor-version":[{"id":356,"href":"https:\/\/www.dabrowskazarzadzanie.pl\/index.php?rest_route=\/wp\/v2\/pages\/290\/revisions\/356"}],"wp:attachment":[{"href":"https:\/\/www.dabrowskazarzadzanie.pl\/index.php?rest_route=%2Fwp%2Fv2%2Fmedia&parent=290"}],"curies":[{"name":"wp","href":"https:\/\/api.w.org\/{rel}","templated":true}]}}