{"id":177,"date":"2023-08-03T09:58:53","date_gmt":"2023-08-03T09:58:53","guid":{"rendered":"http:\/\/www.dabrowskazarzadzanie.pl\/?page_id=177"},"modified":"2025-03-06T09:38:47","modified_gmt":"2025-03-06T09:38:47","slug":"przetargi","status":"publish","type":"page","link":"https:\/\/www.dabrowskazarzadzanie.pl\/?page_id=177","title":{"rendered":"PRZETARGI"},"content":{"rendered":"\n<div class=\"wp-block-cover alignwide is-light\"><span aria-hidden=\"true\" class=\"wp-block-cover__background has-background-dim\"><\/span><img fetchpriority=\"high\" decoding=\"async\" width=\"1024\" height=\"768\" class=\"wp-block-cover__image-background wp-image-347\" alt=\"\" src=\"http:\/\/www.dabrowskazarzadzanie.pl\/wp-content\/uploads\/2023\/08\/pexels-energepiccom-175039-1024x768.jpg\" data-object-fit=\"cover\" srcset=\"https:\/\/www.dabrowskazarzadzanie.pl\/wp-content\/uploads\/2023\/08\/pexels-energepiccom-175039-1024x768.jpg 1024w, https:\/\/www.dabrowskazarzadzanie.pl\/wp-content\/uploads\/2023\/08\/pexels-energepiccom-175039-300x225.jpg 300w, https:\/\/www.dabrowskazarzadzanie.pl\/wp-content\/uploads\/2023\/08\/pexels-energepiccom-175039-768x576.jpg 768w, https:\/\/www.dabrowskazarzadzanie.pl\/wp-content\/uploads\/2023\/08\/pexels-energepiccom-175039-1536x1152.jpg 1536w, https:\/\/www.dabrowskazarzadzanie.pl\/wp-content\/uploads\/2023\/08\/pexels-energepiccom-175039-2048x1536.jpg 2048w, https:\/\/www.dabrowskazarzadzanie.pl\/wp-content\/uploads\/2023\/08\/pexels-energepiccom-175039-24x18.jpg 24w, https:\/\/www.dabrowskazarzadzanie.pl\/wp-content\/uploads\/2023\/08\/pexels-energepiccom-175039-36x27.jpg 36w, https:\/\/www.dabrowskazarzadzanie.pl\/wp-content\/uploads\/2023\/08\/pexels-energepiccom-175039-48x36.jpg 48w\" sizes=\"(max-width: 1024px) 100vw, 1024px\" \/><div class=\"wp-block-cover__inner-container is-layout-flow wp-block-cover-is-layout-flow\">\n<p class=\"has-text-align-center has-large-font-size\">PRZETARGI <\/p>\n<\/div><\/div>\n\n\n\n<h2 class=\"wp-block-heading\">Poni\u017cej znajduje si\u0119 aktualna lista przetarg\u00f3w: <\/h2>\n\n\n\n<p>aby uzyska\u0107 szczeg\u00f3\u0142owe dane dotycz\u0105ce danego przetargu prosimy o kontakt z naszym biurem:<\/p>\n\n\n\n<p><\/p>\n\n\n\n<p>tel.: 77 416 51 94 lub e-mail: zarzadzaniedabrowska@wp.pl   <\/p>\n\n\n\n<ol class=\"wp-block-list\">\n<li><strong>Strych Wsp\u00f3lnota Mieszkaniowa Pi\u0142sudskiego 16.<\/strong><\/li>\n<\/ol>\n\n\n\n<ul class=\"wp-block-list\">\n<li><img decoding=\"async\" width=\"270\" height=\"203\" class=\"wp-image-420\" style=\"width: 270px;\" src=\"http:\/\/www.dabrowskazarzadzanie.pl\/wp-content\/uploads\/2025\/03\/Zdjecie-WhatsApp-2025-03-06-o-10.23.20_d5c8b78c-scaled.jpg\" alt=\"\" srcset=\"https:\/\/www.dabrowskazarzadzanie.pl\/wp-content\/uploads\/2025\/03\/Zdjecie-WhatsApp-2025-03-06-o-10.23.20_d5c8b78c-scaled.jpg 2560w, https:\/\/www.dabrowskazarzadzanie.pl\/wp-content\/uploads\/2025\/03\/Zdjecie-WhatsApp-2025-03-06-o-10.23.20_d5c8b78c-300x225.jpg 300w, https:\/\/www.dabrowskazarzadzanie.pl\/wp-content\/uploads\/2025\/03\/Zdjecie-WhatsApp-2025-03-06-o-10.23.20_d5c8b78c-1024x768.jpg 1024w, https:\/\/www.dabrowskazarzadzanie.pl\/wp-content\/uploads\/2025\/03\/Zdjecie-WhatsApp-2025-03-06-o-10.23.20_d5c8b78c-768x576.jpg 768w, https:\/\/www.dabrowskazarzadzanie.pl\/wp-content\/uploads\/2025\/03\/Zdjecie-WhatsApp-2025-03-06-o-10.23.20_d5c8b78c-1536x1152.jpg 1536w, https:\/\/www.dabrowskazarzadzanie.pl\/wp-content\/uploads\/2025\/03\/Zdjecie-WhatsApp-2025-03-06-o-10.23.20_d5c8b78c-2048x1536.jpg 2048w, https:\/\/www.dabrowskazarzadzanie.pl\/wp-content\/uploads\/2025\/03\/Zdjecie-WhatsApp-2025-03-06-o-10.23.20_d5c8b78c-24x18.jpg 24w, https:\/\/www.dabrowskazarzadzanie.pl\/wp-content\/uploads\/2025\/03\/Zdjecie-WhatsApp-2025-03-06-o-10.23.20_d5c8b78c-36x27.jpg 36w, https:\/\/www.dabrowskazarzadzanie.pl\/wp-content\/uploads\/2025\/03\/Zdjecie-WhatsApp-2025-03-06-o-10.23.20_d5c8b78c-48x36.jpg 48w\" sizes=\"(max-width: 270px) 100vw, 270px\" \/><img decoding=\"async\" width=\"270\" height=\"203\" class=\"wp-image-421\" style=\"width: 270px;\" src=\"http:\/\/www.dabrowskazarzadzanie.pl\/wp-content\/uploads\/2025\/03\/Zdjecie-WhatsApp-2025-03-06-o-10.23.20_7b46ccbe-scaled.jpg\" alt=\"\" srcset=\"https:\/\/www.dabrowskazarzadzanie.pl\/wp-content\/uploads\/2025\/03\/Zdjecie-WhatsApp-2025-03-06-o-10.23.20_7b46ccbe-scaled.jpg 2560w, https:\/\/www.dabrowskazarzadzanie.pl\/wp-content\/uploads\/2025\/03\/Zdjecie-WhatsApp-2025-03-06-o-10.23.20_7b46ccbe-300x225.jpg 300w, https:\/\/www.dabrowskazarzadzanie.pl\/wp-content\/uploads\/2025\/03\/Zdjecie-WhatsApp-2025-03-06-o-10.23.20_7b46ccbe-1024x768.jpg 1024w, https:\/\/www.dabrowskazarzadzanie.pl\/wp-content\/uploads\/2025\/03\/Zdjecie-WhatsApp-2025-03-06-o-10.23.20_7b46ccbe-768x576.jpg 768w, https:\/\/www.dabrowskazarzadzanie.pl\/wp-content\/uploads\/2025\/03\/Zdjecie-WhatsApp-2025-03-06-o-10.23.20_7b46ccbe-1536x1152.jpg 1536w, https:\/\/www.dabrowskazarzadzanie.pl\/wp-content\/uploads\/2025\/03\/Zdjecie-WhatsApp-2025-03-06-o-10.23.20_7b46ccbe-2048x1536.jpg 2048w, https:\/\/www.dabrowskazarzadzanie.pl\/wp-content\/uploads\/2025\/03\/Zdjecie-WhatsApp-2025-03-06-o-10.23.20_7b46ccbe-24x18.jpg 24w, https:\/\/www.dabrowskazarzadzanie.pl\/wp-content\/uploads\/2025\/03\/Zdjecie-WhatsApp-2025-03-06-o-10.23.20_7b46ccbe-36x27.jpg 36w, https:\/\/www.dabrowskazarzadzanie.pl\/wp-content\/uploads\/2025\/03\/Zdjecie-WhatsApp-2025-03-06-o-10.23.20_7b46ccbe-48x36.jpg 48w\" sizes=\"(max-width: 270px) 100vw, 270px\" \/><img loading=\"lazy\" decoding=\"async\" width=\"270\" height=\"203\" class=\"wp-image-422\" style=\"width: 270px;\" src=\"http:\/\/www.dabrowskazarzadzanie.pl\/wp-content\/uploads\/2025\/03\/Zdjecie-WhatsApp-2025-03-06-o-10.23.19_c0ffc513-scaled.jpg\" alt=\"\" srcset=\"https:\/\/www.dabrowskazarzadzanie.pl\/wp-content\/uploads\/2025\/03\/Zdjecie-WhatsApp-2025-03-06-o-10.23.19_c0ffc513-scaled.jpg 2560w, https:\/\/www.dabrowskazarzadzanie.pl\/wp-content\/uploads\/2025\/03\/Zdjecie-WhatsApp-2025-03-06-o-10.23.19_c0ffc513-300x225.jpg 300w, https:\/\/www.dabrowskazarzadzanie.pl\/wp-content\/uploads\/2025\/03\/Zdjecie-WhatsApp-2025-03-06-o-10.23.19_c0ffc513-1024x768.jpg 1024w, https:\/\/www.dabrowskazarzadzanie.pl\/wp-content\/uploads\/2025\/03\/Zdjecie-WhatsApp-2025-03-06-o-10.23.19_c0ffc513-768x576.jpg 768w, https:\/\/www.dabrowskazarzadzanie.pl\/wp-content\/uploads\/2025\/03\/Zdjecie-WhatsApp-2025-03-06-o-10.23.19_c0ffc513-1536x1152.jpg 1536w, https:\/\/www.dabrowskazarzadzanie.pl\/wp-content\/uploads\/2025\/03\/Zdjecie-WhatsApp-2025-03-06-o-10.23.19_c0ffc513-2048x1536.jpg 2048w, https:\/\/www.dabrowskazarzadzanie.pl\/wp-content\/uploads\/2025\/03\/Zdjecie-WhatsApp-2025-03-06-o-10.23.19_c0ffc513-24x18.jpg 24w, https:\/\/www.dabrowskazarzadzanie.pl\/wp-content\/uploads\/2025\/03\/Zdjecie-WhatsApp-2025-03-06-o-10.23.19_c0ffc513-36x27.jpg 36w, https:\/\/www.dabrowskazarzadzanie.pl\/wp-content\/uploads\/2025\/03\/Zdjecie-WhatsApp-2025-03-06-o-10.23.19_c0ffc513-48x36.jpg 48w\" sizes=\"(max-width: 270px) 100vw, 270px\" \/><img loading=\"lazy\" decoding=\"async\" width=\"270\" height=\"203\" class=\"wp-image-424\" style=\"width: 270px;\" src=\"http:\/\/www.dabrowskazarzadzanie.pl\/wp-content\/uploads\/2025\/03\/1-scaled.jpg\" alt=\"\" srcset=\"https:\/\/www.dabrowskazarzadzanie.pl\/wp-content\/uploads\/2025\/03\/1-scaled.jpg 2560w, https:\/\/www.dabrowskazarzadzanie.pl\/wp-content\/uploads\/2025\/03\/1-300x225.jpg 300w, https:\/\/www.dabrowskazarzadzanie.pl\/wp-content\/uploads\/2025\/03\/1-1024x768.jpg 1024w, https:\/\/www.dabrowskazarzadzanie.pl\/wp-content\/uploads\/2025\/03\/1-768x576.jpg 768w, https:\/\/www.dabrowskazarzadzanie.pl\/wp-content\/uploads\/2025\/03\/1-1536x1152.jpg 1536w, https:\/\/www.dabrowskazarzadzanie.pl\/wp-content\/uploads\/2025\/03\/1-2048x1536.jpg 2048w, https:\/\/www.dabrowskazarzadzanie.pl\/wp-content\/uploads\/2025\/03\/1-24x18.jpg 24w, https:\/\/www.dabrowskazarzadzanie.pl\/wp-content\/uploads\/2025\/03\/1-36x27.jpg 36w, https:\/\/www.dabrowskazarzadzanie.pl\/wp-content\/uploads\/2025\/03\/1-48x36.jpg 48w\" sizes=\"(max-width: 270px) 100vw, 270px\" \/><img loading=\"lazy\" decoding=\"async\" width=\"270\" height=\"203\" class=\"wp-image-426\" style=\"width: 270px;\" src=\"http:\/\/www.dabrowskazarzadzanie.pl\/wp-content\/uploads\/2025\/03\/3-scaled.jpg\" alt=\"\" srcset=\"https:\/\/www.dabrowskazarzadzanie.pl\/wp-content\/uploads\/2025\/03\/3-scaled.jpg 2560w, https:\/\/www.dabrowskazarzadzanie.pl\/wp-content\/uploads\/2025\/03\/3-300x225.jpg 300w, https:\/\/www.dabrowskazarzadzanie.pl\/wp-content\/uploads\/2025\/03\/3-1024x768.jpg 1024w, https:\/\/www.dabrowskazarzadzanie.pl\/wp-content\/uploads\/2025\/03\/3-768x576.jpg 768w, https:\/\/www.dabrowskazarzadzanie.pl\/wp-content\/uploads\/2025\/03\/3-1536x1152.jpg 1536w, https:\/\/www.dabrowskazarzadzanie.pl\/wp-content\/uploads\/2025\/03\/3-2048x1536.jpg 2048w, https:\/\/www.dabrowskazarzadzanie.pl\/wp-content\/uploads\/2025\/03\/3-24x18.jpg 24w, https:\/\/www.dabrowskazarzadzanie.pl\/wp-content\/uploads\/2025\/03\/3-36x27.jpg 36w, https:\/\/www.dabrowskazarzadzanie.pl\/wp-content\/uploads\/2025\/03\/3-48x36.jpg 48w\" sizes=\"(max-width: 270px) 100vw, 270px\" \/><img loading=\"lazy\" decoding=\"async\" width=\"270\" height=\"203\" class=\"wp-image-427\" style=\"width: 270px;\" src=\"http:\/\/www.dabrowskazarzadzanie.pl\/wp-content\/uploads\/2025\/03\/2-scaled.jpg\" alt=\"\" srcset=\"https:\/\/www.dabrowskazarzadzanie.pl\/wp-content\/uploads\/2025\/03\/2-scaled.jpg 2560w, https:\/\/www.dabrowskazarzadzanie.pl\/wp-content\/uploads\/2025\/03\/2-300x225.jpg 300w, https:\/\/www.dabrowskazarzadzanie.pl\/wp-content\/uploads\/2025\/03\/2-1024x768.jpg 1024w, https:\/\/www.dabrowskazarzadzanie.pl\/wp-content\/uploads\/2025\/03\/2-768x576.jpg 768w, https:\/\/www.dabrowskazarzadzanie.pl\/wp-content\/uploads\/2025\/03\/2-1536x1152.jpg 1536w, https:\/\/www.dabrowskazarzadzanie.pl\/wp-content\/uploads\/2025\/03\/2-2048x1536.jpg 2048w, https:\/\/www.dabrowskazarzadzanie.pl\/wp-content\/uploads\/2025\/03\/2-24x18.jpg 24w, https:\/\/www.dabrowskazarzadzanie.pl\/wp-content\/uploads\/2025\/03\/2-36x27.jpg 36w, https:\/\/www.dabrowskazarzadzanie.pl\/wp-content\/uploads\/2025\/03\/2-48x36.jpg 48w\" sizes=\"(max-width: 270px) 100vw, 270px\" \/><\/li>\n\n\n\n<li>Wsp\u00f3lnota Mieszkaniowa Pi\u0142sudskiego 16 w Brzegu sprzeda powierzchni\u0119 strych\u00f3w do adaptacji za kwot\u0119 1400,00 z\u0142\/m<sup>2<\/sup>. Dach nieruchomo\u015bci zosta\u0142 wyremontowany i docieplony w roku 2021. Budynek jest po remoncie elewacji, w planach jest remont klatki schodowej. Powierzchnia strych nr 1 &#8211; 41,19 m<sup>2<\/sup>. Powierzchnia strychu nr 2 &#8211; 81,75 m<sup>2<\/sup>. <\/li>\n\n\n\n<li>Telefon kontaktowy: Zarz\u0105d Wsp\u00f3lnoty Mieszkaniowej- tel. 606 678\u00a0541 lub biuro Zarz\u0105dcy \u2013 tel. 774165194.<\/li>\n<\/ul>\n\n\n\n<p><strong>2. W CELU UZYSKANIA INFORMACJI DOTYCZ\u0104CYCH AKTUALNYCH PRZETARG\u00d3W ROB\u00d3T BUDOWLANYCH PROSIMY O KONTAKT Z BIUREM<\/strong>. <\/p>\n\n\n\n<p><strong><mark style=\"background-color:rgba(0, 0, 0, 0)\" class=\"has-inline-color has-vivid-red-color\">Aby uzyska\u0107 szczeg\u00f3\u0142owe dane dotycz\u0105ce danego przetargu prosimy o kontakt z naszym biurem:<\/mark><\/strong><\/p>\n\n\n\n<p><mark style=\"background-color:rgba(0, 0, 0, 0)\" class=\"has-inline-color has-vivid-red-color\"><strong>t<\/strong><\/mark><strong><mark style=\"background-color:rgba(0, 0, 0, 0)\" class=\"has-inline-color has-vivid-red-color\">el.: 77 416 51 94, e-mail: zarzadzaniedabrowska@wp.pl<\/mark><\/strong><\/p>\n\n\n\n<p class=\"has-text-align-right\"><a href=\"http:\/\/www.dabrowskazarzadzanie.pl\/?page_id=303\"><sup><mark style=\"background-color:rgba(0, 0, 0, 0)\" class=\"has-inline-color has-cyan-bluish-gray-color\">Polityka prywatno\u015bci<\/mark><\/sup><\/a><\/p>\n","protected":false},"excerpt":{"rendered":"<p>Poni\u017cej znajduje si\u0119 aktualna lista przetarg\u00f3w: aby uzyska\u0107 szczeg\u00f3\u0142owe dane dotycz\u0105ce danego przetargu prosimy o kontakt z naszym biurem: tel.: 77 416 51 94 lub e-mail: zarzadzaniedabrowska@wp.pl 2. W CELU UZYSKANIA INFORMACJI DOTYCZ\u0104CYCH AKTUALNYCH PRZETARG\u00d3W ROB\u00d3T BUDOWLANYCH PROSIMY O KONTAKT Z BIUREM. Aby uzyska\u0107 szczeg\u00f3\u0142owe dane dotycz\u0105ce danego przetargu prosimy o kontakt z naszym biurem: [&hellip;]<\/p>\n","protected":false},"author":1,"featured_media":0,"parent":0,"menu_order":0,"comment_status":"closed","ping_status":"closed","template":"","meta":{"footnotes":""},"class_list":["post-177","page","type-page","status-publish","hentry"],"_links":{"self":[{"href":"https:\/\/www.dabrowskazarzadzanie.pl\/index.php?rest_route=\/wp\/v2\/pages\/177","targetHints":{"allow":["GET"]}}],"collection":[{"href":"https:\/\/www.dabrowskazarzadzanie.pl\/index.php?rest_route=\/wp\/v2\/pages"}],"about":[{"href":"https:\/\/www.dabrowskazarzadzanie.pl\/index.php?rest_route=\/wp\/v2\/types\/page"}],"author":[{"embeddable":true,"href":"https:\/\/www.dabrowskazarzadzanie.pl\/index.php?rest_route=\/wp\/v2\/users\/1"}],"replies":[{"embeddable":true,"href":"https:\/\/www.dabrowskazarzadzanie.pl\/index.php?rest_route=%2Fwp%2Fv2%2Fcomments&post=177"}],"version-history":[{"count":8,"href":"https:\/\/www.dabrowskazarzadzanie.pl\/index.php?rest_route=\/wp\/v2\/pages\/177\/revisions"}],"predecessor-version":[{"id":428,"href":"https:\/\/www.dabrowskazarzadzanie.pl\/index.php?rest_route=\/wp\/v2\/pages\/177\/revisions\/428"}],"wp:attachment":[{"href":"https:\/\/www.dabrowskazarzadzanie.pl\/index.php?rest_route=%2Fwp%2Fv2%2Fmedia&parent=177"}],"curies":[{"name":"wp","href":"https:\/\/api.w.org\/{rel}","templated":true}]}}