{"id":172,"date":"2023-08-03T09:56:58","date_gmt":"2023-08-03T09:56:58","guid":{"rendered":"http:\/\/www.dabrowskazarzadzanie.pl\/?page_id=172"},"modified":"2023-08-09T09:46:09","modified_gmt":"2023-08-09T09:46:09","slug":"zarzadzanie-lokalami-mieszkalnymi","status":"publish","type":"page","link":"https:\/\/www.dabrowskazarzadzanie.pl\/?page_id=172","title":{"rendered":"ZARZ\u0104DZANIE LOKALAMI MIESZKALNYMI"},"content":{"rendered":"\n<div class=\"wp-block-cover alignwide is-light\"><span aria-hidden=\"true\" class=\"wp-block-cover__background has-background-dim\"><\/span><img decoding=\"async\" class=\"wp-block-cover__image-background wp-image-288\" alt=\"\" src=\"http:\/\/www.dabrowskazarzadzanie.pl\/wp-content\/uploads\/2023\/08\/pexels-pixabay-276724-1024x576.jpg\" data-object-fit=\"cover\"\/><div class=\"wp-block-cover__inner-container is-layout-flow wp-block-cover-is-layout-flow\">\n<p class=\"has-text-align-center has-large-font-size\"><mark style=\"background-color:rgba(0, 0, 0, 0)\" class=\"has-inline-color has-cyan-bluish-gray-color\">ZARZ\u0104DZANIE LOKALAMI MIESZKALNYMI<\/mark><\/p>\n<\/div><\/div>\n\n\n\n<p><\/p>\n\n\n\n<p>Z nami Tw\u00f3j najem stanie si\u0119 bezproblemowy!<\/p>\n\n\n\n<p>Szukasz profesjonalnego partnera, kt\u00f3ry efektywnie zarz\u0105dza\u0142by Twoimi mieszkaniami na wynajem? Pragniemy zaprosi\u0107 Ci\u0119 do skorzystania z naszych us\u0142ug zarz\u0105dzania nieruchomo\u015bciami!<\/p>\n\n\n\n<p>Dlaczego warto nam zaufa\u0107? Oto kilka powod\u00f3w:<\/p>\n\n\n\n<ol class=\"wp-block-list\">\n<li>Do\u015bwiadczenie i wiedza: Nasz zesp\u00f3\u0142 sk\u0142ada si\u0119 z do\u015bwiadczonych specjalist\u00f3w, kt\u00f3rzy posiadaj\u0105 szerok\u0105 wiedz\u0119 na temat rynku nieruchomo\u015bci. Dzi\u0119ki ich profesjonalnemu podej\u015bciu i umiej\u0119tno\u015bciom zapewnimy Ci najwy\u017cszy standard zarz\u0105dzania nieruchomo\u015bciami.<\/li>\n\n\n\n<li>Marketing i wynajem: Wykorzystamy nasze umiej\u0119tno\u015bci marketingowe, aby Twoje mieszkanie by\u0142o widoczne dla potencjalnych najemc\u00f3w. Przeprowadzimy staranne selekcjonowanie os\u00f3b zainteresowanych najmem, sprawuj\u0105c nadz\u00f3r nad procesem wynajmu od pocz\u0105tku do ko\u0144ca.<\/li>\n\n\n\n<li>Obs\u0142uga klienta: Nasz priorytet to zadowolenie naszych klient\u00f3w. B\u0119dziemy dla Ciebie dost\u0119pni na ka\u017cdym etapie zarz\u0105dzania mieszkaniami na wynajem, s\u0142u\u017c\u0105c pomoc\u0105, rad\u0105 i rozwi\u0105zuj\u0105c wszelkie problemy natychmiast.<\/li>\n\n\n\n<li>Finanse i raportowanie: Zajmiemy si\u0119 ca\u0142kowitym obiegiem finansowym, w tym pobieraniem czynszu, rozliczaniem koszt\u00f3w i przygotowywaniem klarownych raport\u00f3w finansowych. Zapewnimy Ci przejrzysto\u015b\u0107 i pe\u0142en dost\u0119p do informacji dotycz\u0105cych Twojej inwestycji.<\/li>\n\n\n\n<li>Konserwacja i utrzymanie nieruchomo\u015bci: Zapewnimy sta\u0142\u0105 kontrol\u0119 i konserwacj\u0119 Twoich mieszka\u0144, aby by\u0142y w najlepszym stanie technicznym. Zadbamy o wszelkie niezb\u0119dne naprawy i utrzymanie czysto\u015bci, co przyczyni si\u0119 do zwi\u0119kszenia atrakcyjno\u015bci nieruchomo\u015bci dla potencjalnych najemc\u00f3w.<\/li>\n<\/ol>\n\n\n\n<p>Z nami Tw\u00f3j czas i zyski b\u0119d\u0105 pod kontrol\u0105! Powierzaj\u0105c nam zarz\u0105dzanie mieszkaniami na wynajem, b\u0119dziesz m\u00f3g\u0142 skupi\u0107 si\u0119 na innych priorytetach, maj\u0105c pewno\u015b\u0107, \u017ce Twoje inwestycje s\u0105 w dobrych r\u0119kach.<\/p>\n\n\n\n<p>Skontaktuj si\u0119 z nami ju\u017c dzi\u015b i poznaj szczeg\u00f3\u0142y naszej oferty zarz\u0105dzania nieruchomo\u015bciami! Jeste\u015bmy tutaj, aby zoptymalizowa\u0107 Tw\u00f3j zysk i sprawi\u0107, \u017ce najem Twoich mieszka\u0144 b\u0119dzie czyst\u0105 przyjemno\u015bci\u0105!<\/p>\n\n\n\n<p class=\"has-text-align-right\"><a href=\"http:\/\/www.dabrowskazarzadzanie.pl\/?page_id=303\"><sup><mark style=\"background-color:rgba(0, 0, 0, 0)\" class=\"has-inline-color has-cyan-bluish-gray-color\">Polityka prywatno\u015bci<\/mark><\/sup><\/a><\/p>\n","protected":false},"excerpt":{"rendered":"<p>Z nami Tw\u00f3j najem stanie si\u0119 bezproblemowy! Szukasz profesjonalnego partnera, kt\u00f3ry efektywnie zarz\u0105dza\u0142by Twoimi mieszkaniami na wynajem? Pragniemy zaprosi\u0107 Ci\u0119 do skorzystania z naszych us\u0142ug zarz\u0105dzania nieruchomo\u015bciami! Dlaczego warto nam zaufa\u0107? Oto kilka powod\u00f3w: Z nami Tw\u00f3j czas i zyski b\u0119d\u0105 pod kontrol\u0105! Powierzaj\u0105c nam zarz\u0105dzanie mieszkaniami na wynajem, b\u0119dziesz m\u00f3g\u0142 skupi\u0107 si\u0119 na innych [&hellip;]<\/p>\n","protected":false},"author":1,"featured_media":0,"parent":0,"menu_order":0,"comment_status":"closed","ping_status":"closed","template":"","meta":{"footnotes":""},"class_list":["post-172","page","type-page","status-publish","hentry"],"_links":{"self":[{"href":"https:\/\/www.dabrowskazarzadzanie.pl\/index.php?rest_route=\/wp\/v2\/pages\/172","targetHints":{"allow":["GET"]}}],"collection":[{"href":"https:\/\/www.dabrowskazarzadzanie.pl\/index.php?rest_route=\/wp\/v2\/pages"}],"about":[{"href":"https:\/\/www.dabrowskazarzadzanie.pl\/index.php?rest_route=\/wp\/v2\/types\/page"}],"author":[{"embeddable":true,"href":"https:\/\/www.dabrowskazarzadzanie.pl\/index.php?rest_route=\/wp\/v2\/users\/1"}],"replies":[{"embeddable":true,"href":"https:\/\/www.dabrowskazarzadzanie.pl\/index.php?rest_route=%2Fwp%2Fv2%2Fcomments&post=172"}],"version-history":[{"count":4,"href":"https:\/\/www.dabrowskazarzadzanie.pl\/index.php?rest_route=\/wp\/v2\/pages\/172\/revisions"}],"predecessor-version":[{"id":351,"href":"https:\/\/www.dabrowskazarzadzanie.pl\/index.php?rest_route=\/wp\/v2\/pages\/172\/revisions\/351"}],"wp:attachment":[{"href":"https:\/\/www.dabrowskazarzadzanie.pl\/index.php?rest_route=%2Fwp%2Fv2%2Fmedia&parent=172"}],"curies":[{"name":"wp","href":"https:\/\/api.w.org\/{rel}","templated":true}]}}