{"id":124,"date":"2023-08-02T15:39:19","date_gmt":"2023-08-02T15:39:19","guid":{"rendered":"http:\/\/www.dabrowskazarzadzanie.pl\/?page_id=124"},"modified":"2023-08-09T10:07:37","modified_gmt":"2023-08-09T10:07:37","slug":"zarzadzanie-nieruchomosciami-komercyjnymi","status":"publish","type":"page","link":"https:\/\/www.dabrowskazarzadzanie.pl\/?page_id=124","title":{"rendered":"ZARZ\u0104DZANIE NIERUCHOMO\u015aCIAMI KOMERCYJNYMI"},"content":{"rendered":"\n<div class=\"wp-block-cover alignwide is-light\"><span aria-hidden=\"true\" class=\"wp-block-cover__background has-background-dim\"><\/span><img decoding=\"async\" class=\"wp-block-cover__image-background wp-image-283\" alt=\"\" src=\"http:\/\/www.dabrowskazarzadzanie.pl\/wp-content\/uploads\/2023\/08\/pexels-mihis-alex-76762-1024x622.jpg\" data-object-fit=\"cover\"\/><div class=\"wp-block-cover__inner-container is-layout-flow wp-block-cover-is-layout-flow\">\n<p class=\"has-text-align-center has-large-font-size\"><mark style=\"background-color:rgba(0, 0, 0, 0)\" class=\"has-inline-color has-cyan-bluish-gray-color\">ZARZ\u0104DZANIE NIERUCHOMO\u015aCIAMI KOMERCYJNYMI<\/mark><\/p>\n<\/div><\/div>\n\n\n\n<p>Oferujemy profesjonalne administrowanie budynkiem dopasowane indywidualnie pod k\u0105tem potrzeb ka\u017cdego klienta. Dostosowuj\u0105c si\u0119 do oczekiwa\u0144 &nbsp;przygotowujemy strategi\u0119 i szczeg\u00f3\u0142owy program planowanych dzia\u0142a\u0144. Skupiamy si\u0119 na optymalizacji koszt\u00f3w, kt\u00f3rych celem jest generowanie wi\u0119kszych zysk\u00f3w dla w\u0142a\u015bciciela. Zajmujemy si\u0119 r\u00f3wnie\u017c okre\u015blaniem &nbsp;potrzeb oraz analiz\u0105 rentowno\u015bci najmu czy przeprowadzanych inwestycji. Podchodzimy do ka\u017cdego klienta indywidualnie dopasowuj\u0105c si\u0119 do oczekiwa\u0144. &nbsp;<\/p>\n\n\n\n<p>Wsp\u00f3\u0142pracujemy z wieloma lokalnymi wykonawcami i jeste\u015bmy w stanie zapewni\u0107 profesjonalny nadz\u00f3r podejmowanych dzia\u0142a\u0144. <\/p>\n\n\n\n<p><\/p>\n\n\n\n<p class=\"has-text-align-right\"><a href=\"http:\/\/www.dabrowskazarzadzanie.pl\/?page_id=303\"><sup><mark style=\"background-color:rgba(0, 0, 0, 0)\" class=\"has-inline-color has-cyan-bluish-gray-color\">Polityka prywatno\u015bci<\/mark><\/sup><\/a><\/p>\n","protected":false},"excerpt":{"rendered":"<p>Oferujemy profesjonalne administrowanie budynkiem dopasowane indywidualnie pod k\u0105tem potrzeb ka\u017cdego klienta. Dostosowuj\u0105c si\u0119 do oczekiwa\u0144 &nbsp;przygotowujemy strategi\u0119 i szczeg\u00f3\u0142owy program planowanych dzia\u0142a\u0144. Skupiamy si\u0119 na optymalizacji koszt\u00f3w, kt\u00f3rych celem jest generowanie wi\u0119kszych zysk\u00f3w dla w\u0142a\u015bciciela. Zajmujemy si\u0119 r\u00f3wnie\u017c okre\u015blaniem &nbsp;potrzeb oraz analiz\u0105 rentowno\u015bci najmu czy przeprowadzanych inwestycji. Podchodzimy do ka\u017cdego klienta indywidualnie dopasowuj\u0105c si\u0119 do [&hellip;]<\/p>\n","protected":false},"author":1,"featured_media":0,"parent":0,"menu_order":0,"comment_status":"closed","ping_status":"closed","template":"","meta":{"footnotes":""},"class_list":["post-124","page","type-page","status-publish","hentry"],"_links":{"self":[{"href":"https:\/\/www.dabrowskazarzadzanie.pl\/index.php?rest_route=\/wp\/v2\/pages\/124","targetHints":{"allow":["GET"]}}],"collection":[{"href":"https:\/\/www.dabrowskazarzadzanie.pl\/index.php?rest_route=\/wp\/v2\/pages"}],"about":[{"href":"https:\/\/www.dabrowskazarzadzanie.pl\/index.php?rest_route=\/wp\/v2\/types\/page"}],"author":[{"embeddable":true,"href":"https:\/\/www.dabrowskazarzadzanie.pl\/index.php?rest_route=\/wp\/v2\/users\/1"}],"replies":[{"embeddable":true,"href":"https:\/\/www.dabrowskazarzadzanie.pl\/index.php?rest_route=%2Fwp%2Fv2%2Fcomments&post=124"}],"version-history":[{"count":7,"href":"https:\/\/www.dabrowskazarzadzanie.pl\/index.php?rest_route=\/wp\/v2\/pages\/124\/revisions"}],"predecessor-version":[{"id":364,"href":"https:\/\/www.dabrowskazarzadzanie.pl\/index.php?rest_route=\/wp\/v2\/pages\/124\/revisions\/364"}],"wp:attachment":[{"href":"https:\/\/www.dabrowskazarzadzanie.pl\/index.php?rest_route=%2Fwp%2Fv2%2Fmedia&parent=124"}],"curies":[{"name":"wp","href":"https:\/\/api.w.org\/{rel}","templated":true}]}}